{"id":5324,"date":"2018-02-26T13:12:03","date_gmt":"2018-02-26T13:12:03","guid":{"rendered":"https:\/\/tenerifewhalestour.com\/?page_id=5324"},"modified":"2018-03-01T11:11:14","modified_gmt":"2018-03-01T11:11:14","slug":"veranstaltungen","status":"publish","type":"page","link":"https:\/\/tenerifewhalestour.com\/de\/unsere-leistungen\/veranstaltungen\/","title":{"rendered":"Mehr Informationen"},"content":{"rendered":"<p><strong>Hinweise f\u00fcr die Kunden:<\/strong><\/p>\n<ul>\n<li>Sonnencreme, Badesachen, Handtuch, Schnorchel (falls vorhanden, ansonsten gibt es die Ausr\u00fcstung an Bord)<\/li>\n<li>Angabe ob Vegetarier, Z\u00f6liakie, usw.<\/li>\n<li>Biodramina Tabletten mit Koffein f\u00fcr Personen mit Seekrankheit.<\/li>\n<\/ul>\n<p><strong>Abholpunkt und Uhrzeit:<\/strong> die Kunden werden in der Unterkunft abgeholt,sobald wir die Anschrift haben,k\u00f6nnen wir die genaue Uhrzeit und den Treffpunkt mitteilen.<\/p>\n<p><strong>Stornierung:<\/strong> bei Storno wegen Schlechtwetter oder technischen Schiffsproblemen wird der bezahlte Betrag erstattet oder wenn m\u00f6glich,ein neuer Termin vereinbart.<\/p>\n<p>Die Reservierung erfolgt bis sp\u00e4testens 24 Stunden im voraus,nur bei Platzverf\u00fcgbarkeit.<\/p>\n\n<p>&nbsp;<\/p>\n<h2>Machen Sie Ihre Reservierung<\/h2>\n<p><strong>Ihre Informationen:<\/strong><\/p>\n\n<div class=\"wpcf7 no-js\" id=\"wpcf7-f5364-o1\" lang=\"es-ES\" dir=\"ltr\" data-wpcf7-id=\"5364\">\n<div class=\"screen-reader-response\"><p role=\"status\" aria-live=\"polite\" aria-atomic=\"true\"><\/p> <ul><\/ul><\/div>\n<form action=\"\/de\/wp-json\/wp\/v2\/pages\/5324#wpcf7-f5364-o1\" method=\"post\" class=\"wpcf7-form init\" aria-label=\"Formulario de contacto\" novalidate=\"novalidate\" data-status=\"init\">\n<fieldset class=\"hidden-fields-container\"><input type=\"hidden\" name=\"_wpcf7\" value=\"5364\" \/><input type=\"hidden\" name=\"_wpcf7_version\" value=\"6.1.5\" \/><input type=\"hidden\" name=\"_wpcf7_locale\" value=\"es_ES\" \/><input type=\"hidden\" name=\"_wpcf7_unit_tag\" value=\"wpcf7-f5364-o1\" \/><input type=\"hidden\" name=\"_wpcf7_container_post\" value=\"0\" \/><input type=\"hidden\" name=\"_wpcf7_posted_data_hash\" value=\"\" \/><input type=\"hidden\" name=\"_wpcf7_recaptcha_response\" value=\"\" \/>\n<\/fieldset>\n<p><label> Vorname (erforderlich)<br \/>\n<span class=\"wpcf7-form-control-wrap\" data-name=\"your-name\"><input size=\"40\" maxlength=\"400\" class=\"wpcf7-form-control wpcf7-text wpcf7-validates-as-required\" aria-required=\"true\" aria-invalid=\"false\" value=\"\" type=\"text\" name=\"your-name\" \/><\/span> <\/label>\n<\/p>\n<p><label> Nachname<br \/>\n<span class=\"wpcf7-form-control-wrap\" data-name=\"last-name\"><input size=\"40\" maxlength=\"400\" class=\"wpcf7-form-control wpcf7-text\" aria-invalid=\"false\" value=\"\" type=\"text\" name=\"last-name\" \/><\/span> <\/label>\n<\/p>\n<p><label> E-mail Addresse (erforderlich)<br \/>\n<span class=\"wpcf7-form-control-wrap\" data-name=\"your-email\"><input size=\"40\" maxlength=\"400\" class=\"wpcf7-form-control wpcf7-email wpcf7-validates-as-required wpcf7-text wpcf7-validates-as-email\" aria-required=\"true\" aria-invalid=\"false\" value=\"\" type=\"email\" name=\"your-email\" \/><\/span> <\/label>\n<\/p>\n<p><label> Ausflug Datum<br \/>\n<span class=\"wpcf7-form-control-wrap\" data-name=\"requested-date\"><input class=\"wpcf7-form-control wpcf7-date wpcf7-validates-as-date\" aria-invalid=\"false\" value=\"\" type=\"date\" name=\"requested-date\" \/><\/span> <\/label>\n<\/p>\n<p><label> Asunto<br \/>\n<span class=\"wpcf7-form-control-wrap\" data-name=\"your-subject\"><input size=\"40\" maxlength=\"400\" class=\"wpcf7-form-control wpcf7-text\" aria-invalid=\"false\" value=\"\" type=\"text\" name=\"your-subject\" \/><\/span> <\/label>\n<\/p>\n<p><label> Meldung<br \/>\n<span class=\"wpcf7-form-control-wrap\" data-name=\"your-message\"><textarea cols=\"40\" rows=\"10\" maxlength=\"2000\" class=\"wpcf7-form-control wpcf7-textarea\" aria-invalid=\"false\" name=\"your-message\"><\/textarea><\/span> <\/label>\n<\/p>\n\n<p><input class=\"wpcf7-form-control wpcf7-submit has-spinner\" type=\"submit\" value=\"Senden\" \/>\n<\/p><div class=\"wpcf7-response-output\" aria-hidden=\"true\"><\/div>\n<\/form>\n<\/div>\n\n<h4>*Sprachen am board: spanisch, englisch<\/h4>\n","protected":false},"excerpt":{"rendered":"<p>Hinweise f\u00fcr die Kunden: Sonnencreme, Badesachen, Handtuch, Schnorchel (falls vorhanden, ansonsten gibt es die Ausr\u00fcstung an Bord) Angabe ob Vegetarier, Z\u00f6liakie, usw. Biodramina Tabletten mit Koffein f\u00fcr Personen mit Seekrankheit. Abholpunkt und Uhrzeit: die Kunden werden in der Unterkunft abgeholt,sobald wir die Anschrift haben,k\u00f6nnen wir die genaue Uhrzeit und den Treffpunkt mitteilen. Stornierung: bei Storno&#8230;<\/p>\n","protected":false},"author":1,"featured_media":0,"parent":5259,"menu_order":0,"comment_status":"closed","ping_status":"closed","template":"","meta":{"_uag_custom_page_level_css":"","_joinchat":[],"footnotes":""},"class_list":["post-5324","page","type-page","status-publish","hentry"],"yoast_head":"<!-- This site is optimized with the Yoast SEO plugin v27.3 - https:\/\/yoast.com\/product\/yoast-seo-wordpress\/ -->\n<title>Mehr Informationen |<\/title>\n<meta name=\"robots\" content=\"index, follow, max-snippet:-1, max-image-preview:large, max-video-preview:-1\" \/>\n<link rel=\"canonical\" href=\"https:\/\/tenerifewhalestour.com\/de\/unsere-leistungen\/veranstaltungen\/\" \/>\n<meta property=\"og:locale\" content=\"de_DE\" \/>\n<meta property=\"og:type\" content=\"article\" \/>\n<meta property=\"og:title\" content=\"Mehr Informationen |\" \/>\n<meta property=\"og:description\" content=\"Hinweise f\u00fcr die Kunden: Sonnencreme, Badesachen, Handtuch, Schnorchel (falls vorhanden, ansonsten gibt es die Ausr\u00fcstung an Bord) Angabe ob Vegetarier, Z\u00f6liakie, usw. Biodramina Tabletten mit Koffein f\u00fcr Personen mit Seekrankheit. Abholpunkt und Uhrzeit: die Kunden werden in der Unterkunft abgeholt,sobald wir die Anschrift haben,k\u00f6nnen wir die genaue Uhrzeit und den Treffpunkt mitteilen. Stornierung: bei Storno...\" \/>\n<meta property=\"og:url\" content=\"https:\/\/tenerifewhalestour.com\/de\/unsere-leistungen\/veranstaltungen\/\" \/>\n<meta property=\"og:site_name\" content=\"tenerifewhalestour.com\" \/>\n<meta property=\"article:publisher\" content=\"https:\/\/www.facebook.com\/SeaQuestFf\/\" \/>\n<meta property=\"article:modified_time\" content=\"2018-03-01T11:11:14+00:00\" \/>\n<meta property=\"og:image\" content=\"https:\/\/tenerifewhalestour.com\/wp-content\/uploads\/2016\/11\/ISOLOGO.png\" \/>\n\t<meta property=\"og:image:width\" content=\"2160\" \/>\n\t<meta property=\"og:image:height\" content=\"2160\" \/>\n\t<meta property=\"og:image:type\" content=\"image\/png\" \/>\n<meta name=\"twitter:card\" content=\"summary_large_image\" \/>\n<meta name=\"twitter:label1\" content=\"Gesch\u00e4tzte Lesezeit\" \/>\n\t<meta name=\"twitter:data1\" content=\"1\u00a0Minute\" \/>\n<script type=\"application\/ld+json\" class=\"yoast-schema-graph\">{\"@context\":\"https:\\\/\\\/schema.org\",\"@graph\":[{\"@type\":\"WebPage\",\"@id\":\"https:\\\/\\\/tenerifewhalestour.com\\\/de\\\/unsere-leistungen\\\/veranstaltungen\\\/\",\"url\":\"https:\\\/\\\/tenerifewhalestour.com\\\/de\\\/unsere-leistungen\\\/veranstaltungen\\\/\",\"name\":\"Mehr Informationen |\",\"isPartOf\":{\"@id\":\"https:\\\/\\\/tenerifewhalestour.com\\\/#website\"},\"datePublished\":\"2018-02-26T13:12:03+00:00\",\"dateModified\":\"2018-03-01T11:11:14+00:00\",\"breadcrumb\":{\"@id\":\"https:\\\/\\\/tenerifewhalestour.com\\\/de\\\/unsere-leistungen\\\/veranstaltungen\\\/#breadcrumb\"},\"inLanguage\":\"de\",\"potentialAction\":[{\"@type\":\"ReadAction\",\"target\":[\"https:\\\/\\\/tenerifewhalestour.com\\\/de\\\/unsere-leistungen\\\/veranstaltungen\\\/\"]}]},{\"@type\":\"BreadcrumbList\",\"@id\":\"https:\\\/\\\/tenerifewhalestour.com\\\/de\\\/unsere-leistungen\\\/veranstaltungen\\\/#breadcrumb\",\"itemListElement\":[{\"@type\":\"ListItem\",\"position\":1,\"name\":\"Portada\",\"item\":\"https:\\\/\\\/tenerifewhalestour.com\\\/de\\\/\"},{\"@type\":\"ListItem\",\"position\":2,\"name\":\"Unsere Leistungen\",\"item\":\"https:\\\/\\\/tenerifewhalestour.com\\\/de\\\/unsere-leistungen\\\/\"},{\"@type\":\"ListItem\",\"position\":3,\"name\":\"Mehr Informationen\"}]},{\"@type\":\"WebSite\",\"@id\":\"https:\\\/\\\/tenerifewhalestour.com\\\/#website\",\"url\":\"https:\\\/\\\/tenerifewhalestour.com\\\/\",\"name\":\"Tenerife Whales Tours\",\"description\":\"Excursi\u00f3n en Velero - Avistamiento de cet\u00e1ceos\",\"publisher\":{\"@id\":\"https:\\\/\\\/tenerifewhalestour.com\\\/#organization\"},\"potentialAction\":[{\"@type\":\"SearchAction\",\"target\":{\"@type\":\"EntryPoint\",\"urlTemplate\":\"https:\\\/\\\/tenerifewhalestour.com\\\/?s={search_term_string}\"},\"query-input\":{\"@type\":\"PropertyValueSpecification\",\"valueRequired\":true,\"valueName\":\"search_term_string\"}}],\"inLanguage\":\"de\"},{\"@type\":\"Organization\",\"@id\":\"https:\\\/\\\/tenerifewhalestour.com\\\/#organization\",\"name\":\"SEAQUESTFF\",\"url\":\"https:\\\/\\\/tenerifewhalestour.com\\\/\",\"logo\":{\"@type\":\"ImageObject\",\"inLanguage\":\"de\",\"@id\":\"https:\\\/\\\/tenerifewhalestour.com\\\/#\\\/schema\\\/logo\\\/image\\\/\",\"url\":\"https:\\\/\\\/tenerifewhalestour.com\\\/wp-content\\\/uploads\\\/2016\\\/11\\\/ISOLOGO.png\",\"contentUrl\":\"https:\\\/\\\/tenerifewhalestour.com\\\/wp-content\\\/uploads\\\/2016\\\/11\\\/ISOLOGO.png\",\"width\":2160,\"height\":2160,\"caption\":\"SEAQUESTFF\"},\"image\":{\"@id\":\"https:\\\/\\\/tenerifewhalestour.com\\\/#\\\/schema\\\/logo\\\/image\\\/\"},\"sameAs\":[\"https:\\\/\\\/www.facebook.com\\\/SeaQuestFf\\\/\",\"https:\\\/\\\/www.instagram.com\\\/seaquestff\\\/\"]}]}<\/script>\n<!-- \/ Yoast SEO plugin. -->","yoast_head_json":{"title":"Mehr Informationen |","robots":{"index":"index","follow":"follow","max-snippet":"max-snippet:-1","max-image-preview":"max-image-preview:large","max-video-preview":"max-video-preview:-1"},"canonical":"https:\/\/tenerifewhalestour.com\/de\/unsere-leistungen\/veranstaltungen\/","og_locale":"de_DE","og_type":"article","og_title":"Mehr Informationen |","og_description":"Hinweise f\u00fcr die Kunden: Sonnencreme, Badesachen, Handtuch, Schnorchel (falls vorhanden, ansonsten gibt es die Ausr\u00fcstung an Bord) Angabe ob Vegetarier, Z\u00f6liakie, usw. Biodramina Tabletten mit Koffein f\u00fcr Personen mit Seekrankheit. Abholpunkt und Uhrzeit: die Kunden werden in der Unterkunft abgeholt,sobald wir die Anschrift haben,k\u00f6nnen wir die genaue Uhrzeit und den Treffpunkt mitteilen. Stornierung: bei Storno...","og_url":"https:\/\/tenerifewhalestour.com\/de\/unsere-leistungen\/veranstaltungen\/","og_site_name":"tenerifewhalestour.com","article_publisher":"https:\/\/www.facebook.com\/SeaQuestFf\/","article_modified_time":"2018-03-01T11:11:14+00:00","og_image":[{"width":2160,"height":2160,"url":"https:\/\/tenerifewhalestour.com\/wp-content\/uploads\/2016\/11\/ISOLOGO.png","type":"image\/png"}],"twitter_card":"summary_large_image","twitter_misc":{"Gesch\u00e4tzte Lesezeit":"1\u00a0Minute"},"schema":{"@context":"https:\/\/schema.org","@graph":[{"@type":"WebPage","@id":"https:\/\/tenerifewhalestour.com\/de\/unsere-leistungen\/veranstaltungen\/","url":"https:\/\/tenerifewhalestour.com\/de\/unsere-leistungen\/veranstaltungen\/","name":"Mehr Informationen |","isPartOf":{"@id":"https:\/\/tenerifewhalestour.com\/#website"},"datePublished":"2018-02-26T13:12:03+00:00","dateModified":"2018-03-01T11:11:14+00:00","breadcrumb":{"@id":"https:\/\/tenerifewhalestour.com\/de\/unsere-leistungen\/veranstaltungen\/#breadcrumb"},"inLanguage":"de","potentialAction":[{"@type":"ReadAction","target":["https:\/\/tenerifewhalestour.com\/de\/unsere-leistungen\/veranstaltungen\/"]}]},{"@type":"BreadcrumbList","@id":"https:\/\/tenerifewhalestour.com\/de\/unsere-leistungen\/veranstaltungen\/#breadcrumb","itemListElement":[{"@type":"ListItem","position":1,"name":"Portada","item":"https:\/\/tenerifewhalestour.com\/de\/"},{"@type":"ListItem","position":2,"name":"Unsere Leistungen","item":"https:\/\/tenerifewhalestour.com\/de\/unsere-leistungen\/"},{"@type":"ListItem","position":3,"name":"Mehr Informationen"}]},{"@type":"WebSite","@id":"https:\/\/tenerifewhalestour.com\/#website","url":"https:\/\/tenerifewhalestour.com\/","name":"Tenerife Whales Tours","description":"Excursi\u00f3n en Velero - Avistamiento de cet\u00e1ceos","publisher":{"@id":"https:\/\/tenerifewhalestour.com\/#organization"},"potentialAction":[{"@type":"SearchAction","target":{"@type":"EntryPoint","urlTemplate":"https:\/\/tenerifewhalestour.com\/?s={search_term_string}"},"query-input":{"@type":"PropertyValueSpecification","valueRequired":true,"valueName":"search_term_string"}}],"inLanguage":"de"},{"@type":"Organization","@id":"https:\/\/tenerifewhalestour.com\/#organization","name":"SEAQUESTFF","url":"https:\/\/tenerifewhalestour.com\/","logo":{"@type":"ImageObject","inLanguage":"de","@id":"https:\/\/tenerifewhalestour.com\/#\/schema\/logo\/image\/","url":"https:\/\/tenerifewhalestour.com\/wp-content\/uploads\/2016\/11\/ISOLOGO.png","contentUrl":"https:\/\/tenerifewhalestour.com\/wp-content\/uploads\/2016\/11\/ISOLOGO.png","width":2160,"height":2160,"caption":"SEAQUESTFF"},"image":{"@id":"https:\/\/tenerifewhalestour.com\/#\/schema\/logo\/image\/"},"sameAs":["https:\/\/www.facebook.com\/SeaQuestFf\/","https:\/\/www.instagram.com\/seaquestff\/"]}]}},"uagb_featured_image_src":{"full":false,"thumbnail":false,"medium":false,"medium_large":false,"large":false,"1536x1536":false,"2048x2048":false,"unithumb-coworking-relativepost":false,"unithumb-coworking-relativepostalt":false,"unithumb-coworking-blogpostv2":false,"unithumb-coworking-aboutusone":false,"unithumb-coworking-cartimage":false,"unithumb-coworking-minicartphoto":false,"unithumb-coworking-priceitembg":false,"unithumb-coworking-aboutuswide":false,"unithumb-coworking-aboutussquare":false,"unithumb-coworking-planthumb":false},"uagb_author_info":{"display_name":"yadox","author_link":"https:\/\/tenerifewhalestour.com\/de\/author\/262media\/"},"uagb_comment_info":0,"uagb_excerpt":"Hinweise f\u00fcr die Kunden: Sonnencreme, Badesachen, Handtuch, Schnorchel (falls vorhanden, ansonsten gibt es die Ausr\u00fcstung an Bord) Angabe ob Vegetarier, Z\u00f6liakie, usw. Biodramina Tabletten mit Koffein f\u00fcr Personen mit Seekrankheit. Abholpunkt und Uhrzeit: die Kunden werden in der Unterkunft abgeholt,sobald wir die Anschrift haben,k\u00f6nnen wir die genaue Uhrzeit und den Treffpunkt mitteilen. Stornierung: bei Storno...","_links":{"self":[{"href":"https:\/\/tenerifewhalestour.com\/de\/wp-json\/wp\/v2\/pages\/5324","targetHints":{"allow":["GET"]}}],"collection":[{"href":"https:\/\/tenerifewhalestour.com\/de\/wp-json\/wp\/v2\/pages"}],"about":[{"href":"https:\/\/tenerifewhalestour.com\/de\/wp-json\/wp\/v2\/types\/page"}],"author":[{"embeddable":true,"href":"https:\/\/tenerifewhalestour.com\/de\/wp-json\/wp\/v2\/users\/1"}],"replies":[{"embeddable":true,"href":"https:\/\/tenerifewhalestour.com\/de\/wp-json\/wp\/v2\/comments?post=5324"}],"version-history":[{"count":6,"href":"https:\/\/tenerifewhalestour.com\/de\/wp-json\/wp\/v2\/pages\/5324\/revisions"}],"predecessor-version":[{"id":5402,"href":"https:\/\/tenerifewhalestour.com\/de\/wp-json\/wp\/v2\/pages\/5324\/revisions\/5402"}],"up":[{"embeddable":true,"href":"https:\/\/tenerifewhalestour.com\/de\/wp-json\/wp\/v2\/pages\/5259"}],"wp:attachment":[{"href":"https:\/\/tenerifewhalestour.com\/de\/wp-json\/wp\/v2\/media?parent=5324"}],"curies":[{"name":"wp","href":"https:\/\/api.w.org\/{rel}","templated":true}]}}